{"id":10,"date":"2020-01-04T13:31:23","date_gmt":"2020-01-04T12:31:23","guid":{"rendered":"http:\/\/pridsa.lukow.pl\/index.php\/blog\/"},"modified":"2025-04-11T09:57:59","modified_gmt":"2025-04-11T07:57:59","slug":"blog","status":"publish","type":"page","link":"https:\/\/pridsa.lukow.pl\/index.php\/blog\/","title":{"rendered":"O NAS"},"content":{"rendered":"\t\t<div data-elementor-type=\"wp-page\" data-elementor-id=\"10\" class=\"elementor elementor-10\">\n\t\t\t\t\t\t<section class=\"elementor-section elementor-top-section elementor-element elementor-element-5157f9ae elementor-section-boxed elementor-section-height-default elementor-section-height-default\" data-id=\"5157f9ae\" data-element_type=\"section\" data-settings=\"{&quot;background_background&quot;:&quot;gradient&quot;,&quot;shape_divider_bottom&quot;:&quot;arrow&quot;,&quot;shape_divider_bottom_negative&quot;:&quot;yes&quot;}\">\n\t\t\t\t\t<div class=\"elementor-shape elementor-shape-bottom\" data-negative=\"true\">\n\t\t\t<svg xmlns=\"http:\/\/www.w3.org\/2000\/svg\" viewBox=\"0 0 700 10\" preserveAspectRatio=\"none\">\n\t<path class=\"elementor-shape-fill\" d=\"M360 0L350 9.9 340 0 0 0 0 10 700 10 700 0\"\/>\n<\/svg>\t\t<\/div>\n\t\t\t\t\t<div class=\"elementor-container elementor-column-gap-default\">\n\t\t\t\t\t<div class=\"elementor-column elementor-col-100 elementor-top-column elementor-element elementor-element-19f3f941\" data-id=\"19f3f941\" data-element_type=\"column\">\n\t\t\t<div class=\"elementor-widget-wrap elementor-element-populated\">\n\t\t\t\t\t\t<div class=\"elementor-element elementor-element-867f5ed elementor-widget elementor-widget-heading\" data-id=\"867f5ed\" data-element_type=\"widget\" data-widget_type=\"heading.default\">\n\t\t\t\t<div class=\"elementor-widget-container\">\n\t\t\t<h4 class=\"elementor-heading-title elementor-size-default\">Przedsi\u0119biorstwo Rob\u00f3t In\u017cynieryjno \u2013 Drogowych Sp\u00f3\u0142ka Akcyjna w \u0141ukowie <br> powsta\u0142o w styczniu 1999 roku w wyniku prywatyzacji przedsi\u0119biorstwa pa\u0144stwowego.\n<\/h4>\t\t<\/div>\n\t\t\t\t<\/div>\n\t\t\t\t<div class=\"elementor-element elementor-element-762bbed6 elementor-widget elementor-widget-testimonial\" data-id=\"762bbed6\" data-element_type=\"widget\" data-widget_type=\"testimonial.default\">\n\t\t\t\t<div class=\"elementor-widget-container\">\n\t\t\t\t\t<div class=\"elementor-testimonial-wrapper\">\n\t\t\t\t\t\t\t<div class=\"elementor-testimonial-content\">Siedziba Zarz\u0105du Sp\u00f3\u0142ki z zapleczem warsztatowym w\u0142asnego sprz\u0119tu <br>i transportu mie\u015bci si\u0119 w \u0141ukowie przy al. Wojska Polskiego 61A.<br> Wytw\u00f3rnia Mas Bitumicznych WMB 120 firmy Madro-Gibat zlokalizowana jest na ul. \u015awiderskiej 122 w \u0141ukowie.<\/div>\n\t\t\t\n\t\t\t\t\t\t<div class=\"elementor-testimonial-meta elementor-has-image elementor-testimonial-image-position-top\">\n\t\t\t\t<div class=\"elementor-testimonial-meta-inner\">\n\t\t\t\t\t\t\t\t\t\t\t<div class=\"elementor-testimonial-image\">\n\t\t\t\t\t\t\t<img decoding=\"async\" width=\"210\" height=\"210\" src=\"https:\/\/pridsa.lukow.pl\/wp-content\/uploads\/2020\/02\/pridsalogoMw.png\" class=\"attachment-medium size-medium wp-image-223\" alt=\"\" srcset=\"https:\/\/pridsa.lukow.pl\/wp-content\/uploads\/2020\/02\/pridsalogoMw.png 210w, https:\/\/pridsa.lukow.pl\/wp-content\/uploads\/2020\/02\/pridsalogoMw-150x150.png 150w, https:\/\/pridsa.lukow.pl\/wp-content\/uploads\/2020\/02\/pridsalogoMw-75x75.png 75w\" sizes=\"(max-width: 210px) 100vw, 210px\" \/>\t\t\t\t\t\t<\/div>\n\t\t\t\t\t\n\t\t\t\t\t\t\t\t\t\t<div class=\"elementor-testimonial-details\">\n\t\t\t\t\t\t\t\t\t\t\t\t\t\t<div class=\"elementor-testimonial-name\">PRID S.A.<\/div>\n\t\t\t\t\t\t\t\t\t\t\t\t\t\t\t\t\t\t\t<\/div>\n\t\t\t\t\t\t\t\t\t<\/div>\n\t\t\t<\/div>\n\t\t\t\t\t<\/div>\n\t\t\t\t<\/div>\n\t\t\t\t<\/div>\n\t\t\t\t\t<\/div>\n\t\t<\/div>\n\t\t\t\t\t<\/div>\n\t\t<\/section>\n\t\t\t\t<section class=\"elementor-section elementor-top-section elementor-element elementor-element-2b805d98 elementor-section-height-min-height elementor-section-boxed elementor-section-height-default elementor-section-items-middle\" data-id=\"2b805d98\" data-element_type=\"section\" data-settings=\"{&quot;background_background&quot;:&quot;classic&quot;,&quot;shape_divider_bottom&quot;:&quot;arrow&quot;,&quot;shape_divider_bottom_negative&quot;:&quot;yes&quot;}\">\n\t\t\t\t\t\t\t<div class=\"elementor-background-overlay\"><\/div>\n\t\t\t\t\t\t<div class=\"elementor-shape elementor-shape-bottom\" data-negative=\"true\">\n\t\t\t<svg xmlns=\"http:\/\/www.w3.org\/2000\/svg\" viewBox=\"0 0 700 10\" preserveAspectRatio=\"none\">\n\t<path class=\"elementor-shape-fill\" d=\"M360 0L350 9.9 340 0 0 0 0 10 700 10 700 0\"\/>\n<\/svg>\t\t<\/div>\n\t\t\t\t\t<div class=\"elementor-container elementor-column-gap-default\">\n\t\t\t\t\t<div class=\"elementor-column elementor-col-100 elementor-top-column elementor-element elementor-element-69763e46\" data-id=\"69763e46\" data-element_type=\"column\">\n\t\t\t<div class=\"elementor-widget-wrap\">\n\t\t\t\t\t\t\t<\/div>\n\t\t<\/div>\n\t\t\t\t\t<\/div>\n\t\t<\/section>\n\t\t\t\t<section class=\"elementor-section elementor-top-section elementor-element elementor-element-4f42b68 elementor-section-content-middle elementor-section-boxed elementor-section-height-default elementor-section-height-default\" data-id=\"4f42b68\" data-element_type=\"section\" data-settings=\"{&quot;background_background&quot;:&quot;classic&quot;}\">\n\t\t\t\t\t\t<div class=\"elementor-container elementor-column-gap-default\">\n\t\t\t\t\t<div class=\"elementor-column elementor-col-100 elementor-top-column elementor-element elementor-element-44554844\" data-id=\"44554844\" data-element_type=\"column\">\n\t\t\t<div class=\"elementor-widget-wrap elementor-element-populated\">\n\t\t\t\t\t\t<div class=\"elementor-element elementor-element-21a40cca elementor-widget elementor-widget-heading\" data-id=\"21a40cca\" data-element_type=\"widget\" data-widget_type=\"heading.default\">\n\t\t\t\t<div class=\"elementor-widget-container\">\n\t\t\t<h3 class=\"elementor-heading-title elementor-size-default\">Wytw\u00f3rnia Mas Bitumicznych WMB 120 firmy Madro-Gibat.<\/h3>\t\t<\/div>\n\t\t\t\t<\/div>\n\t\t\t\t\t<\/div>\n\t\t<\/div>\n\t\t\t\t\t<\/div>\n\t\t<\/section>\n\t\t\t\t<section class=\"elementor-section elementor-top-section elementor-element elementor-element-658c8652 elementor-section-content-middle elementor-reverse-mobile elementor-section-boxed elementor-section-height-default elementor-section-height-default\" data-id=\"658c8652\" data-element_type=\"section\">\n\t\t\t\t\t\t<div class=\"elementor-container elementor-column-gap-default\">\n\t\t\t\t\t<div class=\"elementor-column elementor-col-50 elementor-top-column elementor-element elementor-element-586bc172\" data-id=\"586bc172\" data-element_type=\"column\">\n\t\t\t<div class=\"elementor-widget-wrap elementor-element-populated\">\n\t\t\t\t\t\t<div class=\"elementor-element elementor-element-39cd2e2d elementor-widget elementor-widget-heading\" data-id=\"39cd2e2d\" data-element_type=\"widget\" data-widget_type=\"heading.default\">\n\t\t\t\t<div class=\"elementor-widget-container\">\n\t\t\t<h3 class=\"elementor-heading-title elementor-size-default\">Budowa i remont ulic<\/h3>\t\t<\/div>\n\t\t\t\t<\/div>\n\t\t\t\t<div class=\"elementor-element elementor-element-7a9621b9 elementor-widget__width-initial elementor-widget elementor-widget-text-editor\" data-id=\"7a9621b9\" data-element_type=\"widget\" data-widget_type=\"text-editor.default\">\n\t\t\t\t<div class=\"elementor-widget-container\">\n\t\t\t\t\t\t\t<p>Podstawowym profilem dzia\u0142alno\u015bci Sp\u00f3\u0142ki, wynikaj\u0105cym z d\u0142ugoletniej tradycji, s\u0105 roboty budowlane w zakresie budownictwa drogowego obejmuj\u0105ce budow\u0119, przebudow\u0119 oraz remonty dr\u00f3g, ulic i plac\u00f3w. Do budowy, odnowy i remontu nawierzchni drogowych stosowane s\u0105 w\u0142asne mieszanki mineralno \u2013 asfaltowe na gor\u0105co i ka\u017cdego typu.<\/p>\t\t\t\t\t\t<\/div>\n\t\t\t\t<\/div>\n\t\t\t\t\t<\/div>\n\t\t<\/div>\n\t\t\t\t<div class=\"elementor-column elementor-col-50 elementor-top-column elementor-element elementor-element-8b79162\" data-id=\"8b79162\" data-element_type=\"column\">\n\t\t\t<div class=\"elementor-widget-wrap elementor-element-populated\">\n\t\t\t\t\t\t<div class=\"elementor-element elementor-element-4dc32192 elementor-widget elementor-widget-image\" data-id=\"4dc32192\" data-element_type=\"widget\" data-widget_type=\"image.default\">\n\t\t\t\t<div class=\"elementor-widget-container\">\n\t\t\t\t\t\t\t\t\t\t\t\t\t<img fetchpriority=\"high\" decoding=\"async\" width=\"640\" height=\"480\" src=\"https:\/\/pridsa.lukow.pl\/wp-content\/uploads\/2020\/02\/P1040980m.jpg\" class=\"attachment-full size-full wp-image-234\" alt=\"\" srcset=\"https:\/\/pridsa.lukow.pl\/wp-content\/uploads\/2020\/02\/P1040980m.jpg 640w, https:\/\/pridsa.lukow.pl\/wp-content\/uploads\/2020\/02\/P1040980m-300x225.jpg 300w\" sizes=\"(max-width: 640px) 100vw, 640px\" \/>\t\t\t\t\t\t\t\t\t\t\t\t\t<\/div>\n\t\t\t\t<\/div>\n\t\t\t\t\t<\/div>\n\t\t<\/div>\n\t\t\t\t\t<\/div>\n\t\t<\/section>\n\t\t\t\t<section class=\"elementor-section elementor-top-section elementor-element elementor-element-70c6532a elementor-section-content-middle elementor-section-boxed elementor-section-height-default elementor-section-height-default\" data-id=\"70c6532a\" data-element_type=\"section\">\n\t\t\t\t\t\t<div class=\"elementor-container elementor-column-gap-default\">\n\t\t\t\t\t<div class=\"elementor-column elementor-col-50 elementor-top-column elementor-element elementor-element-114b3004\" data-id=\"114b3004\" data-element_type=\"column\">\n\t\t\t<div class=\"elementor-widget-wrap elementor-element-populated\">\n\t\t\t\t\t\t<div class=\"elementor-element elementor-element-6f8db04e elementor-widget elementor-widget-image\" data-id=\"6f8db04e\" data-element_type=\"widget\" data-widget_type=\"image.default\">\n\t\t\t\t<div class=\"elementor-widget-container\">\n\t\t\t\t\t\t\t\t\t\t\t\t\t<img decoding=\"async\" width=\"640\" height=\"480\" src=\"https:\/\/pridsa.lukow.pl\/wp-content\/uploads\/2020\/02\/P1040912c.jpg\" class=\"attachment-full size-full wp-image-228\" alt=\"\" srcset=\"https:\/\/pridsa.lukow.pl\/wp-content\/uploads\/2020\/02\/P1040912c.jpg 640w, https:\/\/pridsa.lukow.pl\/wp-content\/uploads\/2020\/02\/P1040912c-300x225.jpg 300w\" sizes=\"(max-width: 640px) 100vw, 640px\" \/>\t\t\t\t\t\t\t\t\t\t\t\t\t<\/div>\n\t\t\t\t<\/div>\n\t\t\t\t\t<\/div>\n\t\t<\/div>\n\t\t\t\t<div class=\"elementor-column elementor-col-50 elementor-top-column elementor-element elementor-element-8605c95\" data-id=\"8605c95\" data-element_type=\"column\">\n\t\t\t<div class=\"elementor-widget-wrap elementor-element-populated\">\n\t\t\t\t\t\t<div class=\"elementor-element elementor-element-11c25654 elementor-widget elementor-widget-heading\" data-id=\"11c25654\" data-element_type=\"widget\" data-widget_type=\"heading.default\">\n\t\t\t\t<div class=\"elementor-widget-container\">\n\t\t\t<h3 class=\"elementor-heading-title elementor-size-default\">Do\u015bwiadczona kadra<\/h3>\t\t<\/div>\n\t\t\t\t<\/div>\n\t\t\t\t<div class=\"elementor-element elementor-element-491d22cd elementor-widget__width-initial elementor-widget elementor-widget-text-editor\" data-id=\"491d22cd\" data-element_type=\"widget\" data-widget_type=\"text-editor.default\">\n\t\t\t\t<div class=\"elementor-widget-container\">\n\t\t\t\t\t\t\t<p>PRID S.A. posiada do\u015bwiadczon\u0105 kadr\u0119 in\u017cynieryjno \u2013 techniczn\u0105 z uprawnieniami budowlanymi w zakresie budowy dr\u00f3g oraz zaplecze techniczne wzbogacane o zakupy nowych maszyn drogowych, w tym sterowanych elektronicznie, umo\u017cliwiaj\u0105cych precyzyjne wykonywanie szerokiego asortymentu rob\u00f3t drogowych oraz \u015brodk\u00f3w transportowych i innych urz\u0105dze\u0144 potrzebnych do dzia\u0142alno\u015bci firmy.<\/p>\t\t\t\t\t\t<\/div>\n\t\t\t\t<\/div>\n\t\t\t\t\t<\/div>\n\t\t<\/div>\n\t\t\t\t\t<\/div>\n\t\t<\/section>\n\t\t\t\t<section class=\"elementor-section elementor-top-section elementor-element elementor-element-3fabd440 elementor-section-content-middle elementor-reverse-mobile elementor-section-boxed elementor-section-height-default elementor-section-height-default\" data-id=\"3fabd440\" data-element_type=\"section\">\n\t\t\t\t\t\t<div class=\"elementor-container elementor-column-gap-default\">\n\t\t\t\t\t<div class=\"elementor-column elementor-col-50 elementor-top-column elementor-element elementor-element-248e2bc\" data-id=\"248e2bc\" data-element_type=\"column\">\n\t\t\t<div class=\"elementor-widget-wrap elementor-element-populated\">\n\t\t\t\t\t\t<div class=\"elementor-element elementor-element-2c4f63d elementor-widget elementor-widget-heading\" data-id=\"2c4f63d\" data-element_type=\"widget\" data-widget_type=\"heading.default\">\n\t\t\t\t<div class=\"elementor-widget-container\">\n\t\t\t<h3 class=\"elementor-heading-title elementor-size-default\">Certyfikat Zak\u0142adowej Kontroli Produkcji<\/h3>\t\t<\/div>\n\t\t\t\t<\/div>\n\t\t\t\t<div class=\"elementor-element elementor-element-602bd43e elementor-widget__width-initial elementor-widget elementor-widget-text-editor\" data-id=\"602bd43e\" data-element_type=\"widget\" data-widget_type=\"text-editor.default\">\n\t\t\t\t<div class=\"elementor-widget-container\">\n\t\t\t\t\t\t\t<p>Aby zapewni\u0107 najwy\u017cszy poziom us\u0142ug oraz dbaj\u0105c o najwy\u017csz\u0105 jako\u015b\u0107 swoich produkt\u00f3w Sp\u00f3\u0142ka wdro\u017cy\u0142a system zarz\u0105dzania jako\u015bci\u0105 zgodny z mi\u0119dzynarodow\u0105 norm\u0105 ISO 9001:2000 a nast\u0119pnie w pa\u017adzierniku\u00a0 2009r. otrzyma\u0142a Certyfikat Zak\u0142adowej Kontroli Produkcji.<\/p>\t\t\t\t\t\t<\/div>\n\t\t\t\t<\/div>\n\t\t\t\t\t<\/div>\n\t\t<\/div>\n\t\t\t\t<div class=\"elementor-column elementor-col-50 elementor-top-column elementor-element elementor-element-650ded29\" data-id=\"650ded29\" data-element_type=\"column\">\n\t\t\t<div class=\"elementor-widget-wrap elementor-element-populated\">\n\t\t\t\t\t\t<div class=\"elementor-element elementor-element-64498d99 elementor-widget elementor-widget-image\" data-id=\"64498d99\" data-element_type=\"widget\" data-widget_type=\"image.default\">\n\t\t\t\t<div class=\"elementor-widget-container\">\n\t\t\t\t\t\t\t\t\t\t\t\t\t<img loading=\"lazy\" decoding=\"async\" width=\"640\" height=\"480\" src=\"https:\/\/pridsa.lukow.pl\/wp-content\/uploads\/2020\/02\/P1040931v.jpg\" class=\"attachment-large size-large wp-image-236\" alt=\"\" srcset=\"https:\/\/pridsa.lukow.pl\/wp-content\/uploads\/2020\/02\/P1040931v.jpg 640w, https:\/\/pridsa.lukow.pl\/wp-content\/uploads\/2020\/02\/P1040931v-300x225.jpg 300w\" sizes=\"(max-width: 640px) 100vw, 640px\" \/>\t\t\t\t\t\t\t\t\t\t\t\t\t<\/div>\n\t\t\t\t<\/div>\n\t\t\t\t\t<\/div>\n\t\t<\/div>\n\t\t\t\t\t<\/div>\n\t\t<\/section>\n\t\t\t\t<section class=\"elementor-section elementor-top-section elementor-element elementor-element-729145ce elementor-section-content-middle elementor-section-boxed elementor-section-height-default elementor-section-height-default\" data-id=\"729145ce\" data-element_type=\"section\" data-settings=\"{&quot;background_background&quot;:&quot;classic&quot;}\">\n\t\t\t\t\t\t<div class=\"elementor-container elementor-column-gap-default\">\n\t\t\t\t\t<div class=\"elementor-column elementor-col-50 elementor-top-column elementor-element elementor-element-3158b795\" data-id=\"3158b795\" data-element_type=\"column\">\n\t\t\t<div class=\"elementor-widget-wrap elementor-element-populated\">\n\t\t\t\t\t\t<div class=\"elementor-element elementor-element-51b78c4 elementor-widget elementor-widget-heading\" data-id=\"51b78c4\" data-element_type=\"widget\" data-widget_type=\"heading.default\">\n\t\t\t\t<div class=\"elementor-widget-container\">\n\t\t\t<h3 class=\"elementor-heading-title elementor-size-default\"><a href=\"http:\/\/pridsa.lukow.pl\/index.php\/nasze-realizacje\/\" target=\"_blank\">Zapraszamy do wsp\u00f3\u0142pracy.<\/a><\/h3>\t\t<\/div>\n\t\t\t\t<\/div>\n\t\t\t\t\t<\/div>\n\t\t<\/div>\n\t\t\t\t<div class=\"elementor-column elementor-col-50 elementor-top-column elementor-element elementor-element-33ec9f20\" data-id=\"33ec9f20\" data-element_type=\"column\">\n\t\t\t<div class=\"elementor-widget-wrap\">\n\t\t\t\t\t\t\t<\/div>\n\t\t<\/div>\n\t\t\t\t\t<\/div>\n\t\t<\/section>\n\t\t\t\t<section class=\"elementor-section elementor-top-section elementor-element elementor-element-e16ef80 elementor-section-boxed elementor-section-height-default elementor-section-height-default\" data-id=\"e16ef80\" data-element_type=\"section\">\n\t\t\t\t\t\t<div class=\"elementor-container elementor-column-gap-default\">\n\t\t\t\t\t<div class=\"elementor-column elementor-col-100 elementor-top-column elementor-element elementor-element-cd3390e\" data-id=\"cd3390e\" data-element_type=\"column\">\n\t\t\t<div class=\"elementor-widget-wrap elementor-element-populated\">\n\t\t\t\t\t\t\t<\/div>\n\t\t<\/div>\n\t\t\t\t\t<\/div>\n\t\t<\/section>\n\t\t\t\t<section class=\"elementor-section elementor-top-section elementor-element elementor-element-be4a5d1 elementor-section-content-middle elementor-section-boxed elementor-section-height-default elementor-section-height-default\" data-id=\"be4a5d1\" data-element_type=\"section\">\n\t\t\t\t\t\t<div class=\"elementor-container elementor-column-gap-no\">\n\t\t\t\t\t<div class=\"elementor-column elementor-col-33 elementor-top-column elementor-element elementor-element-2f7a438f\" data-id=\"2f7a438f\" data-element_type=\"column\">\n\t\t\t<div class=\"elementor-widget-wrap elementor-element-populated\">\n\t\t\t\t\t\t<div class=\"elementor-element elementor-element-1c4d3f5a elementor-widget elementor-widget-image\" data-id=\"1c4d3f5a\" data-element_type=\"widget\" data-widget_type=\"image.default\">\n\t\t\t\t<div class=\"elementor-widget-container\">\n\t\t\t\t\t\t\t\t\t\t\t\t\t<img loading=\"lazy\" decoding=\"async\" width=\"210\" height=\"210\" src=\"https:\/\/pridsa.lukow.pl\/wp-content\/uploads\/2020\/02\/pridsalogoMw.png\" class=\"attachment-full size-full wp-image-223\" alt=\"\" srcset=\"https:\/\/pridsa.lukow.pl\/wp-content\/uploads\/2020\/02\/pridsalogoMw.png 210w, https:\/\/pridsa.lukow.pl\/wp-content\/uploads\/2020\/02\/pridsalogoMw-150x150.png 150w, https:\/\/pridsa.lukow.pl\/wp-content\/uploads\/2020\/02\/pridsalogoMw-75x75.png 75w\" sizes=\"(max-width: 210px) 100vw, 210px\" \/>\t\t\t\t\t\t\t\t\t\t\t\t\t<\/div>\n\t\t\t\t<\/div>\n\t\t\t\t\t<\/div>\n\t\t<\/div>\n\t\t\t\t<div class=\"elementor-column elementor-col-66 elementor-top-column elementor-element elementor-element-457e8b1\" data-id=\"457e8b1\" data-element_type=\"column\">\n\t\t\t<div class=\"elementor-widget-wrap elementor-element-populated\">\n\t\t\t\t\t\t<div class=\"elementor-element elementor-element-1fa812ce elementor-widget elementor-widget-text-editor\" data-id=\"1fa812ce\" data-element_type=\"widget\" data-widget_type=\"text-editor.default\">\n\t\t\t\t<div class=\"elementor-widget-container\">\n\t\t\t\t\t\t\t<p><strong>NIP<\/strong> 825-17-46-882;<br \/><strong>REGON<\/strong> 711586892;<\/p><p><strong>KRS<\/strong> 0000088035 S\u0104D REJONOWY W LUBLINIE Z SIEDZIB\u0104 W \u015aWIDNIKU, VI WYDZIA\u0141 GOSPODARCZY KRAJOWEGO REJESTRU<\/p><p>Wysoko\u015b\u0107 kapita\u0142u zak\u0142adowego 501 000,00z\u0142;<br \/>Wysoko\u015b\u0107 kapita\u0142u wp\u0142aconego 501 000,00z\u0142.<\/p>\t\t\t\t\t\t<\/div>\n\t\t\t\t<\/div>\n\t\t\t\t\t<\/div>\n\t\t<\/div>\n\t\t\t\t\t<\/div>\n\t\t<\/section>\n\t\t\t\t<\/div>\n\t\t","protected":false},"excerpt":{"rendered":"<p>Przedsi\u0119biorstwo Rob\u00f3t In\u017cynieryjno \u2013 Drogowych Sp\u00f3\u0142ka Akcyjna w \u0141ukowie powsta\u0142o w styczniu 1999 roku w wyniku prywatyzacji przedsi\u0119biorstwa pa\u0144stwowego. Siedziba Zarz\u0105du Sp\u00f3\u0142ki z zapleczem warsztatowym w\u0142asnego sprz\u0119tu i transportu mie\u015bci si\u0119 w \u0141ukowie przy al. Wojska Polskiego 61A. Wytw\u00f3rnia Mas Bitumicznych WMB 120 firmy Madro-Gibat zlokalizowana jest na ul. \u015awiderskiej 122 w \u0141ukowie. PRID S.A. Wytw\u00f3rnia Mas Bitumicznych WMB 120 firmy Madro-Gibat. Budowa i remont ulic Podstawowym profilem dzia\u0142alno\u015bci Sp\u00f3\u0142ki, wynikaj\u0105cym z d\u0142ugoletniej tradycji, s\u0105 roboty budowlane w zakresie budownictwa drogowego obejmuj\u0105ce budow\u0119, przebudow\u0119 oraz remonty dr\u00f3g, ulic i plac\u00f3w. Do budowy, odnowy i remontu nawierzchni drogowych stosowane s\u0105 w\u0142asne mieszanki mineralno \u2013 asfaltowe na gor\u0105co i ka\u017cdego typu. Do\u015bwiadczona kadra PRID S.A. posiada do\u015bwiadczon\u0105 kadr\u0119 in\u017cynieryjno \u2013 techniczn\u0105 z uprawnieniami budowlanymi w zakresie budowy dr\u00f3g oraz zaplecze techniczne wzbogacane o zakupy nowych maszyn drogowych, w tym sterowanych elektronicznie, umo\u017cliwiaj\u0105cych precyzyjne wykonywanie szerokiego asortymentu rob\u00f3t drogowych oraz \u015brodk\u00f3w transportowych i innych urz\u0105dze\u0144 potrzebnych do dzia\u0142alno\u015bci firmy. Certyfikat Zak\u0142adowej Kontroli Produkcji Aby zapewni\u0107 najwy\u017cszy poziom us\u0142ug oraz dbaj\u0105c o najwy\u017csz\u0105 jako\u015b\u0107 swoich produkt\u00f3w Sp\u00f3\u0142ka wdro\u017cy\u0142a system zarz\u0105dzania jako\u015bci\u0105 zgodny z mi\u0119dzynarodow\u0105 norm\u0105 ISO 9001:2000 a nast\u0119pnie w pa\u017adzierniku\u00a0 2009r. otrzyma\u0142a Certyfikat Zak\u0142adowej Kontroli Produkcji. Zapraszamy do wsp\u00f3\u0142pracy. NIP 825-17-46-882;REGON 711586892; KRS 0000088035 S\u0104D REJONOWY W LUBLINIE Z SIEDZIB\u0104 W \u015aWIDNIKU, VI WYDZIA\u0141 GOSPODARCZY KRAJOWEGO REJESTRU Wysoko\u015b\u0107 kapita\u0142u zak\u0142adowego 501 000,00z\u0142;Wysoko\u015b\u0107 kapita\u0142u wp\u0142aconego 501 000,00z\u0142.<\/p>\n","protected":false},"author":1,"featured_media":0,"parent":0,"menu_order":0,"comment_status":"closed","ping_status":"closed","template":"elementor_header_footer","meta":{"footnotes":""},"_links":{"self":[{"href":"https:\/\/pridsa.lukow.pl\/index.php\/wp-json\/wp\/v2\/pages\/10"}],"collection":[{"href":"https:\/\/pridsa.lukow.pl\/index.php\/wp-json\/wp\/v2\/pages"}],"about":[{"href":"https:\/\/pridsa.lukow.pl\/index.php\/wp-json\/wp\/v2\/types\/page"}],"author":[{"embeddable":true,"href":"https:\/\/pridsa.lukow.pl\/index.php\/wp-json\/wp\/v2\/users\/1"}],"replies":[{"embeddable":true,"href":"https:\/\/pridsa.lukow.pl\/index.php\/wp-json\/wp\/v2\/comments?post=10"}],"version-history":[{"count":87,"href":"https:\/\/pridsa.lukow.pl\/index.php\/wp-json\/wp\/v2\/pages\/10\/revisions"}],"predecessor-version":[{"id":500,"href":"https:\/\/pridsa.lukow.pl\/index.php\/wp-json\/wp\/v2\/pages\/10\/revisions\/500"}],"wp:attachment":[{"href":"https:\/\/pridsa.lukow.pl\/index.php\/wp-json\/wp\/v2\/media?parent=10"}],"curies":[{"name":"wp","href":"https:\/\/api.w.org\/{rel}","templated":true}]}}