{"id":12,"date":"2020-01-04T13:31:23","date_gmt":"2020-01-04T12:31:23","guid":{"rendered":"http:\/\/pridsa.lukow.pl\/index.php\/contact\/"},"modified":"2024-07-24T14:42:46","modified_gmt":"2024-07-24T12:42:46","slug":"contact","status":"publish","type":"page","link":"https:\/\/pridsa.lukow.pl\/index.php\/contact\/","title":{"rendered":"KONTAKT"},"content":{"rendered":"\t\t<div data-elementor-type=\"wp-page\" data-elementor-id=\"12\" class=\"elementor elementor-12\">\n\t\t\t\t\t\t<section class=\"elementor-section elementor-top-section elementor-element elementor-element-404ef84c elementor-section-content-middle elementor-section-boxed elementor-section-height-default elementor-section-height-default\" data-id=\"404ef84c\" data-element_type=\"section\">\n\t\t\t\t\t\t<div class=\"elementor-container elementor-column-gap-no\">\n\t\t\t\t\t<div class=\"elementor-column elementor-col-50 elementor-top-column elementor-element elementor-element-bd26b4e\" data-id=\"bd26b4e\" data-element_type=\"column\">\n\t\t\t<div class=\"elementor-widget-wrap elementor-element-populated\">\n\t\t\t\t\t\t<div class=\"elementor-element elementor-element-60bd3ad8 elementor-widget elementor-widget-heading\" data-id=\"60bd3ad8\" data-element_type=\"widget\" data-widget_type=\"heading.default\">\n\t\t\t\t<div class=\"elementor-widget-container\">\n\t\t\t<h5 class=\"elementor-heading-title elementor-size-default\">biuro<\/h5>\t\t<\/div>\n\t\t\t\t<\/div>\n\t\t\t\t<div class=\"elementor-element elementor-element-48b0dcb5 elementor-widget elementor-widget-heading\" data-id=\"48b0dcb5\" data-element_type=\"widget\" data-widget_type=\"heading.default\">\n\t\t\t\t<div class=\"elementor-widget-container\">\n\t\t\t<h5 class=\"elementor-heading-title elementor-size-default\">\u0141uk\u00f3w, Al. Wojska Polskiego 61A<\/h5>\t\t<\/div>\n\t\t\t\t<\/div>\n\t\t\t\t\t<\/div>\n\t\t<\/div>\n\t\t\t\t<div class=\"elementor-column elementor-col-50 elementor-top-column elementor-element elementor-element-789061a8\" data-id=\"789061a8\" data-element_type=\"column\">\n\t\t\t<div class=\"elementor-widget-wrap elementor-element-populated\">\n\t\t\t\t\t\t<div class=\"elementor-element elementor-element-6e539a6 elementor-widget elementor-widget-google_maps\" data-id=\"6e539a6\" data-element_type=\"widget\" data-widget_type=\"google_maps.default\">\n\t\t\t\t<div class=\"elementor-widget-container\">\n\t\t\t\t\t<div class=\"elementor-custom-embed\">\n\t\t\t<iframe loading=\"lazy\"\n\t\t\t\t\tsrc=\"https:\/\/maps.google.com\/maps?q=%C5%81uk%C3%B3w%2C%20Al.%20Wojska%20Polskiego%2061&#038;t=m&#038;z=13&#038;output=embed&#038;iwloc=near\"\n\t\t\t\t\ttitle=\"\u0141uk\u00f3w, Al. Wojska Polskiego 61\"\n\t\t\t\t\taria-label=\"\u0141uk\u00f3w, Al. Wojska Polskiego 61\"\n\t\t\t><\/iframe>\n\t\t<\/div>\n\t\t\t\t<\/div>\n\t\t\t\t<\/div>\n\t\t\t\t\t<\/div>\n\t\t<\/div>\n\t\t\t\t\t<\/div>\n\t\t<\/section>\n\t\t\t\t<section class=\"elementor-section elementor-top-section elementor-element elementor-element-bc48d8d elementor-section-content-middle elementor-section-boxed elementor-section-height-default elementor-section-height-default\" data-id=\"bc48d8d\" data-element_type=\"section\">\n\t\t\t\t\t\t<div class=\"elementor-container elementor-column-gap-no\">\n\t\t\t\t\t<div class=\"elementor-column elementor-col-50 elementor-top-column elementor-element elementor-element-1d4a0d1\" data-id=\"1d4a0d1\" data-element_type=\"column\">\n\t\t\t<div class=\"elementor-widget-wrap elementor-element-populated\">\n\t\t\t\t\t\t<div class=\"elementor-element elementor-element-3590a92 elementor-widget elementor-widget-heading\" data-id=\"3590a92\" data-element_type=\"widget\" data-widget_type=\"heading.default\">\n\t\t\t\t<div class=\"elementor-widget-container\">\n\t\t\t<h5 class=\"elementor-heading-title elementor-size-default\">Wytw\u00f3rnia Mas <\/h5>\t\t<\/div>\n\t\t\t\t<\/div>\n\t\t\t\t<div class=\"elementor-element elementor-element-c2c3a1d elementor-widget elementor-widget-heading\" data-id=\"c2c3a1d\" data-element_type=\"widget\" data-widget_type=\"heading.default\">\n\t\t\t\t<div class=\"elementor-widget-container\">\n\t\t\t<h5 class=\"elementor-heading-title elementor-size-default\">\u0141uk\u00f3w, ul. \u015awiderska 122<\/h5>\t\t<\/div>\n\t\t\t\t<\/div>\n\t\t\t\t\t<\/div>\n\t\t<\/div>\n\t\t\t\t<div class=\"elementor-column elementor-col-50 elementor-top-column elementor-element elementor-element-2b29a3b\" data-id=\"2b29a3b\" data-element_type=\"column\">\n\t\t\t<div class=\"elementor-widget-wrap elementor-element-populated\">\n\t\t\t\t\t\t<div class=\"elementor-element elementor-element-520ea77 elementor-widget elementor-widget-google_maps\" data-id=\"520ea77\" data-element_type=\"widget\" data-widget_type=\"google_maps.default\">\n\t\t\t\t<div class=\"elementor-widget-container\">\n\t\t\t\t\t<div class=\"elementor-custom-embed\">\n\t\t\t<iframe loading=\"lazy\"\n\t\t\t\t\tsrc=\"https:\/\/maps.google.com\/maps?q=%C5%81uk%C3%B3w%2C%20ul.%20%C5%9Bwiderska%20122&#038;t=m&#038;z=13&#038;output=embed&#038;iwloc=near\"\n\t\t\t\t\ttitle=\"\u0141uk\u00f3w, ul. \u015bwiderska 122\"\n\t\t\t\t\taria-label=\"\u0141uk\u00f3w, ul. \u015bwiderska 122\"\n\t\t\t><\/iframe>\n\t\t<\/div>\n\t\t\t\t<\/div>\n\t\t\t\t<\/div>\n\t\t\t\t\t<\/div>\n\t\t<\/div>\n\t\t\t\t\t<\/div>\n\t\t<\/section>\n\t\t\t\t<section class=\"elementor-section elementor-top-section elementor-element elementor-element-75c01fd4 elementor-section-content-middle elementor-reverse-mobile elementor-section-boxed elementor-section-height-default elementor-section-height-default\" data-id=\"75c01fd4\" data-element_type=\"section\" data-settings=\"{&quot;background_background&quot;:&quot;classic&quot;}\">\n\t\t\t\t\t\t<div class=\"elementor-container elementor-column-gap-no\">\n\t\t\t\t\t<div class=\"elementor-column elementor-col-50 elementor-top-column elementor-element elementor-element-70b96ef1\" data-id=\"70b96ef1\" data-element_type=\"column\">\n\t\t\t<div class=\"elementor-widget-wrap elementor-element-populated\">\n\t\t\t\t\t\t<div class=\"elementor-element elementor-element-786be055 elementor-widget elementor-widget-text-editor\" data-id=\"786be055\" data-element_type=\"widget\" data-widget_type=\"text-editor.default\">\n\t\t\t\t<div class=\"elementor-widget-container\">\n\t\t\t\t\t\t\t<p style=\"text-align: right;\"><span class=\"w8qArf\"><a class=\"fl\" href=\"https:\/\/www.google.com\/search?sa=X&amp;biw=1280&amp;bih=657&amp;sxsrf=ACYBGNSCZmUTwHSwc2WXDxyFdPg59-z80w:1580641567849&amp;q=przedsi%C4%99biorstwo+rob%C3%B3t+in%C5%BCynieryjno+-+drogowych+s.a.+%C5%82uk%C3%B3w+godziny+otwarcia&amp;ludocid=9180022334471316646&amp;ved=2ahUKEwjwzKzZ3LLnAhXvxaYKHcHSA0kQ6BMwE3oECAwQPg\" data-ved=\"2ahUKEwjwzKzZ3LLnAhXvxaYKHcHSA0kQ6BMwE3oECAwQPg\">Godziny otwarcia<\/a>:\u00a0<\/span><\/p>\t\t\t\t\t\t<\/div>\n\t\t\t\t<\/div>\n\t\t\t\t<div class=\"elementor-element elementor-element-7c7908be elementor-widget elementor-widget-text-editor\" data-id=\"7c7908be\" data-element_type=\"widget\" data-widget_type=\"text-editor.default\">\n\t\t\t\t<div class=\"elementor-widget-container\">\n\t\t\t\t\t\t\t<p style=\"text-align: right;\">niedziela\u00a0 Zamkni\u0119te<\/p><p style=\"text-align: right;\">poniedzia\u0142ek 07:00\u201315:00<\/p><p style=\"text-align: right;\">wtorek 07:00\u201315:00<\/p><p style=\"text-align: right;\">\u015broda 07:00\u201315:00<\/p><p style=\"text-align: right;\">czwartek 07:00\u201315:00<\/p><p style=\"text-align: right;\">pi\u0105tek 07:00\u201315:00<\/p><p style=\"text-align: right;\">sobota\u00a0 Zamkni\u0119te<\/p><div class=\"nRfCwb r-iRbos1w5saYM\"><div class=\"lwjzfb\" tabindex=\"0\" role=\"button\" data-rtid=\"iRbos1w5saYM\" data-ved=\"2ahUKEwjwzKzZ3LLnAhXvxaYKHcHSA0kQu9MBMBN6BAgMEEE\"><div data-is-desktop=\"true\" data-is-internal=\"false\" data-show-thank-you-with-review-button=\"true\" data-submit-merchant-fact-feedback-as-authority=\"false\"><div data-feature-id=\"0x4721ff62de60c827:0x7f65fdace450a4a6\"><div id=\"_H602XrDBM--LmwXBpY_IBA27\"><div class=\"t7xA6 lxG8Hd\" style=\"text-align: right;\">\u00a0<\/div><\/div><\/div><\/div><\/div><\/div>\t\t\t\t\t\t<\/div>\n\t\t\t\t<\/div>\n\t\t\t\t\t<\/div>\n\t\t<\/div>\n\t\t\t\t<div class=\"elementor-column elementor-col-50 elementor-top-column elementor-element elementor-element-5d92a718\" data-id=\"5d92a718\" data-element_type=\"column\">\n\t\t\t<div class=\"elementor-widget-wrap elementor-element-populated\">\n\t\t\t\t\t\t<div class=\"elementor-element elementor-element-6214c2a9 elementor-widget elementor-widget-image\" data-id=\"6214c2a9\" data-element_type=\"widget\" data-widget_type=\"image.default\">\n\t\t\t\t<div class=\"elementor-widget-container\">\n\t\t\t\t\t\t\t\t\t\t\t\t\t<img fetchpriority=\"high\" decoding=\"async\" width=\"722\" height=\"600\" src=\"https:\/\/pridsa.lukow.pl\/wp-content\/uploads\/2020\/02\/6nk.jpg\" class=\"attachment-full size-full wp-image-267\" alt=\"\" srcset=\"https:\/\/pridsa.lukow.pl\/wp-content\/uploads\/2020\/02\/6nk.jpg 722w, https:\/\/pridsa.lukow.pl\/wp-content\/uploads\/2020\/02\/6nk-300x249.jpg 300w\" sizes=\"(max-width: 722px) 100vw, 722px\" \/>\t\t\t\t\t\t\t\t\t\t\t\t\t<\/div>\n\t\t\t\t<\/div>\n\t\t\t\t\t<\/div>\n\t\t<\/div>\n\t\t\t\t\t<\/div>\n\t\t<\/section>\n\t\t\t\t<\/div>\n\t\t","protected":false},"excerpt":{"rendered":"<p>biuro \u0141uk\u00f3w, Al. Wojska Polskiego 61A Wytw\u00f3rnia Mas \u0141uk\u00f3w, ul. \u015awiderska 122 Godziny otwarcia:\u00a0 niedziela\u00a0 Zamkni\u0119te poniedzia\u0142ek 07:00\u201315:00 wtorek 07:00\u201315:00 \u015broda 07:00\u201315:00 czwartek 07:00\u201315:00 pi\u0105tek 07:00\u201315:00 sobota\u00a0 Zamkni\u0119te \u00a0<\/p>\n","protected":false},"author":1,"featured_media":0,"parent":0,"menu_order":0,"comment_status":"closed","ping_status":"closed","template":"elementor_header_footer","meta":{"footnotes":""},"_links":{"self":[{"href":"https:\/\/pridsa.lukow.pl\/index.php\/wp-json\/wp\/v2\/pages\/12"}],"collection":[{"href":"https:\/\/pridsa.lukow.pl\/index.php\/wp-json\/wp\/v2\/pages"}],"about":[{"href":"https:\/\/pridsa.lukow.pl\/index.php\/wp-json\/wp\/v2\/types\/page"}],"author":[{"embeddable":true,"href":"https:\/\/pridsa.lukow.pl\/index.php\/wp-json\/wp\/v2\/users\/1"}],"replies":[{"embeddable":true,"href":"https:\/\/pridsa.lukow.pl\/index.php\/wp-json\/wp\/v2\/comments?post=12"}],"version-history":[{"count":16,"href":"https:\/\/pridsa.lukow.pl\/index.php\/wp-json\/wp\/v2\/pages\/12\/revisions"}],"predecessor-version":[{"id":477,"href":"https:\/\/pridsa.lukow.pl\/index.php\/wp-json\/wp\/v2\/pages\/12\/revisions\/477"}],"wp:attachment":[{"href":"https:\/\/pridsa.lukow.pl\/index.php\/wp-json\/wp\/v2\/media?parent=12"}],"curies":[{"name":"wp","href":"https:\/\/api.w.org\/{rel}","templated":true}]}}