{"id":504,"date":"2025-06-09T09:03:28","date_gmt":"2025-06-09T07:03:28","guid":{"rendered":"https:\/\/pridsa.lukow.pl\/?page_id=504"},"modified":"2025-06-10T08:21:47","modified_gmt":"2025-06-10T06:21:47","slug":"sprzedaz-kruszywa","status":"publish","type":"page","link":"https:\/\/pridsa.lukow.pl\/index.php\/sprzedaz-kruszywa\/","title":{"rendered":"Sprzeda\u017c kruszywa"},"content":{"rendered":"\t\t<div data-elementor-type=\"wp-page\" data-elementor-id=\"504\" class=\"elementor elementor-504\">\n\t\t\t\t\t\t<section class=\"elementor-section elementor-top-section elementor-element elementor-element-fb6e1fa elementor-section-boxed elementor-section-height-default elementor-section-height-default\" data-id=\"fb6e1fa\" data-element_type=\"section\">\n\t\t\t\t\t\t<div class=\"elementor-container elementor-column-gap-default\">\n\t\t\t\t\t<div class=\"elementor-column elementor-col-100 elementor-top-column elementor-element elementor-element-5af06d4\" data-id=\"5af06d4\" data-element_type=\"column\">\n\t\t\t<div class=\"elementor-widget-wrap elementor-element-populated\">\n\t\t\t\t\t\t<div class=\"elementor-element elementor-element-a771aa1 elementor-widget elementor-widget-image\" data-id=\"a771aa1\" data-element_type=\"widget\" data-widget_type=\"image.default\">\n\t\t\t\t<div class=\"elementor-widget-container\">\n\t\t\t\t\t\t\t\t\t\t\t\t\t<img fetchpriority=\"high\" decoding=\"async\" width=\"960\" height=\"295\" src=\"https:\/\/pridsa.lukow.pl\/wp-content\/uploads\/2025\/06\/x-1024x315.png\" class=\"attachment-large size-large wp-image-531\" alt=\"\" srcset=\"https:\/\/pridsa.lukow.pl\/wp-content\/uploads\/2025\/06\/x-1024x315.png 1024w, https:\/\/pridsa.lukow.pl\/wp-content\/uploads\/2025\/06\/x-300x92.png 300w, https:\/\/pridsa.lukow.pl\/wp-content\/uploads\/2025\/06\/x-768x236.png 768w, https:\/\/pridsa.lukow.pl\/wp-content\/uploads\/2025\/06\/x.png 1072w\" sizes=\"(max-width: 960px) 100vw, 960px\" \/>\t\t\t\t\t\t\t\t\t\t\t\t\t<\/div>\n\t\t\t\t<\/div>\n\t\t\t\t\t<\/div>\n\t\t<\/div>\n\t\t\t\t\t<\/div>\n\t\t<\/section>\n\t\t\t\t<section class=\"elementor-section elementor-top-section elementor-element elementor-element-bf3f496 elementor-section-boxed elementor-section-height-default elementor-section-height-default\" data-id=\"bf3f496\" data-element_type=\"section\">\n\t\t\t\t\t\t<div class=\"elementor-container elementor-column-gap-default\">\n\t\t\t\t\t<div class=\"elementor-column elementor-col-100 elementor-top-column elementor-element elementor-element-29009fc\" data-id=\"29009fc\" data-element_type=\"column\">\n\t\t\t<div class=\"elementor-widget-wrap elementor-element-populated\">\n\t\t\t\t\t\t<div class=\"elementor-element elementor-element-35e0352 elementor-widget__width-initial elementor-widget elementor-widget-text-editor\" data-id=\"35e0352\" data-element_type=\"widget\" data-widget_type=\"text-editor.default\">\n\t\t\t\t<div class=\"elementor-widget-container\">\n\t\t\t\t\t\t\t<h3 data-start=\"254\" data-end=\"321\">Kruszywo &#8211; solidna podstawa ka\u017cdej inwestycji!<\/h3>\n<p data-start=\"323\" data-end=\"611\">Oferujemy sprzeda\u017c hurtow\u0105 wysokiej jako\u015bci kruszyw budowlanych o r\u00f3\u017cnych frakcjach, idealnych do zastosowania w budownictwie drogowym, kubaturowym oraz pracach ziemnych. Wsp\u00f3\u0142pracujemy ze sprawdzonymi dostawcami, dzi\u0119ki czemu zapewniamy atrakcyjne ceny oraz sta\u0142\u0105 dost\u0119pno\u015b\u0107 materia\u0142u.<\/p>\n<p data-start=\"613\" data-end=\"948\">W naszej ofercie znajdziesz kruszywa dolomitowe o r\u00f3\u017cnych frakcjach:<\/p>\n<ul>\n<li data-start=\"613\" data-end=\"948\">&#8211; kruszywo dolomitowe o uziarnieniu ci\u0105g\u0142ym 0-31,5 mm<\/li>\n<li data-start=\"613\" data-end=\"948\">&#8211; kruszywo dolomitowe grube 2-8 mm&nbsp;<\/li>\n<li data-start=\"613\" data-end=\"948\">&#8211; kruszywo dolomitowe grube 8-16 mm<\/li>\n<li data-start=\"613\" data-end=\"948\">&#8211; kruszywo dolomitowe grube 16-22 mm<\/li>\n<\/ul>\n<p data-start=\"613\" data-end=\"948\">Zapewniamy terminow\u0105 realizacj\u0119 zam\u00f3wie\u0144 oraz pomoc w doborze odpowiedniego materia\u0142u do konkretnych zastosowa\u0144.<\/p>\n<p data-start=\"950\" data-end=\"1029\">Dzia\u0142amy rzetelnie i przejrzy\u015bcie \u2013 zamawiasz dok\u0142adnie to, czego potrzebujesz.<\/p>\n<p data-start=\"950\" data-end=\"1029\">\ud83d\ude9a <span data-start=\"801\" data-end=\"813\" style=\"\">Dostawa:<\/span><br data-start=\"813\" data-end=\"816\">\u2013 <span data-start=\"818\" data-end=\"854\" style=\"\">Na terenie miasta \u0141uk\u00f3w \u2013 <b>GRATIS<\/b><\/span><br data-start=\"854\" data-end=\"857\">\u2013 <span data-start=\"859\" data-end=\"910\">Poza \u0141ukowem \u2013 cena do uzgodnienia<\/span><\/p>\n<p data-start=\"950\" data-end=\"1029\">Przy zam\u00f3wieniach powy\u017cej 100 ton istnieje mo\u017cliwo\u015b\u0107 <strong>indywidualnej negocjacji cen<\/strong> &#8211; skontaktuj si\u0119 z nami, a przygotujemy ofert\u0119 dopasowan\u0105 do Twoich potrzeb.<\/p>\n<p data-start=\"1031\" data-end=\"1069\"><b><u>Zapraszamy do kontaktu!<\/u><\/b><\/p>\n<p data-start=\"1031\" data-end=\"1069\">25-798-20-18 wew. 29<\/p>\t\t\t\t\t\t<\/div>\n\t\t\t\t<\/div>\n\t\t\t\t<div class=\"elementor-element elementor-element-efa4762 elementor-widget elementor-widget-image\" data-id=\"efa4762\" data-element_type=\"widget\" data-widget_type=\"image.default\">\n\t\t\t\t<div class=\"elementor-widget-container\">\n\t\t\t\t\t\t\t\t\t\t\t\t\t\t<a href=\"https:\/\/pridsa.lukow.pl\/wp-content\/uploads\/2025\/06\/na-strone-cennik.jpg\" data-elementor-open-lightbox=\"yes\" data-elementor-lightbox-title=\"Cennik\" data-e-action-hash=\"#elementor-action%3Aaction%3Dlightbox%26settings%3DeyJpZCI6NTA3LCJ1cmwiOiJodHRwczpcL1wvcHJpZHNhLmx1a293LnBsXC93cC1jb250ZW50XC91cGxvYWRzXC8yMDI1XC8wNlwvbmEtc3Ryb25lLWNlbm5pay5qcGcifQ%3D%3D\">\n\t\t\t\t\t\t\t<img decoding=\"async\" width=\"840\" height=\"412\" src=\"https:\/\/pridsa.lukow.pl\/wp-content\/uploads\/2025\/06\/na-strone-cennik.jpg\" class=\"attachment-large size-large wp-image-507\" alt=\"\" srcset=\"https:\/\/pridsa.lukow.pl\/wp-content\/uploads\/2025\/06\/na-strone-cennik.jpg 840w, https:\/\/pridsa.lukow.pl\/wp-content\/uploads\/2025\/06\/na-strone-cennik-300x147.jpg 300w, https:\/\/pridsa.lukow.pl\/wp-content\/uploads\/2025\/06\/na-strone-cennik-768x377.jpg 768w\" sizes=\"(max-width: 840px) 100vw, 840px\" \/>\t\t\t\t\t\t\t\t<\/a>\n\t\t\t\t\t\t\t\t\t\t\t\t\t<\/div>\n\t\t\t\t<\/div>\n\t\t\t\t\t<\/div>\n\t\t<\/div>\n\t\t\t\t\t<\/div>\n\t\t<\/section>\n\t\t\t\t<\/div>\n\t\t","protected":false},"excerpt":{"rendered":"<p>Kruszywo &#8211; solidna podstawa ka\u017cdej inwestycji! Oferujemy sprzeda\u017c hurtow\u0105 wysokiej jako\u015bci kruszyw budowlanych o r\u00f3\u017cnych frakcjach, idealnych do zastosowania w budownictwie drogowym, kubaturowym oraz pracach ziemnych. Wsp\u00f3\u0142pracujemy ze sprawdzonymi dostawcami, dzi\u0119ki czemu zapewniamy atrakcyjne ceny oraz sta\u0142\u0105 dost\u0119pno\u015b\u0107 materia\u0142u. W naszej ofercie znajdziesz kruszywa dolomitowe o r\u00f3\u017cnych frakcjach: &#8211; kruszywo dolomitowe o uziarnieniu ci\u0105g\u0142ym 0-31,5 mm &#8211; kruszywo dolomitowe grube 2-8 mm&nbsp; &#8211; kruszywo dolomitowe grube 8-16 mm &#8211; kruszywo dolomitowe grube 16-22 mm Zapewniamy terminow\u0105 realizacj\u0119 zam\u00f3wie\u0144 oraz pomoc w doborze odpowiedniego materia\u0142u do konkretnych zastosowa\u0144. Dzia\u0142amy rzetelnie i przejrzy\u015bcie \u2013 zamawiasz dok\u0142adnie to, czego potrzebujesz. \ud83d\ude9a Dostawa:\u2013 Na terenie miasta \u0141uk\u00f3w \u2013 GRATIS\u2013 Poza \u0141ukowem \u2013 cena do uzgodnienia Przy zam\u00f3wieniach powy\u017cej 100 ton istnieje mo\u017cliwo\u015b\u0107 indywidualnej negocjacji cen &#8211; skontaktuj si\u0119 z nami, a przygotujemy ofert\u0119 dopasowan\u0105 do Twoich potrzeb. Zapraszamy do kontaktu! 25-798-20-18 wew. 29<\/p>\n","protected":false},"author":2,"featured_media":0,"parent":0,"menu_order":0,"comment_status":"closed","ping_status":"closed","template":"elementor_header_footer","meta":{"footnotes":""},"_links":{"self":[{"href":"https:\/\/pridsa.lukow.pl\/index.php\/wp-json\/wp\/v2\/pages\/504"}],"collection":[{"href":"https:\/\/pridsa.lukow.pl\/index.php\/wp-json\/wp\/v2\/pages"}],"about":[{"href":"https:\/\/pridsa.lukow.pl\/index.php\/wp-json\/wp\/v2\/types\/page"}],"author":[{"embeddable":true,"href":"https:\/\/pridsa.lukow.pl\/index.php\/wp-json\/wp\/v2\/users\/2"}],"replies":[{"embeddable":true,"href":"https:\/\/pridsa.lukow.pl\/index.php\/wp-json\/wp\/v2\/comments?post=504"}],"version-history":[{"count":31,"href":"https:\/\/pridsa.lukow.pl\/index.php\/wp-json\/wp\/v2\/pages\/504\/revisions"}],"predecessor-version":[{"id":548,"href":"https:\/\/pridsa.lukow.pl\/index.php\/wp-json\/wp\/v2\/pages\/504\/revisions\/548"}],"wp:attachment":[{"href":"https:\/\/pridsa.lukow.pl\/index.php\/wp-json\/wp\/v2\/media?parent=504"}],"curies":[{"name":"wp","href":"https:\/\/api.w.org\/{rel}","templated":true}]}}