{"id":9,"date":"2020-01-04T13:31:23","date_gmt":"2020-01-04T12:31:23","guid":{"rendered":"http:\/\/pridsa.lukow.pl\/index.php\/home\/"},"modified":"2025-06-06T12:14:54","modified_gmt":"2025-06-06T10:14:54","slug":"home","status":"publish","type":"page","link":"https:\/\/pridsa.lukow.pl\/","title":{"rendered":"PRID S.A."},"content":{"rendered":"\t\t<div data-elementor-type=\"wp-page\" data-elementor-id=\"9\" class=\"elementor elementor-9\">\n\t\t\t\t\t\t<section class=\"elementor-section elementor-top-section elementor-element elementor-element-4d48d41 elementor-section-content-middle elementor-section-boxed elementor-section-height-default elementor-section-height-default\" data-id=\"4d48d41\" data-element_type=\"section\">\n\t\t\t\t\t\t<div class=\"elementor-container elementor-column-gap-no\">\n\t\t\t\t\t<div class=\"elementor-column elementor-col-100 elementor-top-column elementor-element elementor-element-5aa08087\" data-id=\"5aa08087\" data-element_type=\"column\">\n\t\t\t<div class=\"elementor-widget-wrap elementor-element-populated\">\n\t\t\t\t\t\t<div class=\"elementor-element elementor-element-7b7f857 elementor-widget elementor-widget-image\" data-id=\"7b7f857\" data-element_type=\"widget\" data-widget_type=\"image.default\">\n\t\t\t\t<div class=\"elementor-widget-container\">\n\t\t\t\t\t\t\t\t\t\t\t\t\t<img decoding=\"async\" src=\"https:\/\/pridsa.lukow.pl\/wp-content\/uploads\/2024\/07\/Zestawienie-znakow-FEPW_page-0001.jpg\" title=\"Zestawienie znak\u00f3w FEPW_page-0001\" alt=\"Zestawienie znak\u00f3w FEPW_page-0001\" loading=\"lazy\" \/>\t\t\t\t\t\t\t\t\t\t\t\t\t<\/div>\n\t\t\t\t<\/div>\n\t\t\t\t<div class=\"elementor-element elementor-element-6bed39e1 elementor-widget elementor-widget-heading\" data-id=\"6bed39e1\" data-element_type=\"widget\" data-widget_type=\"heading.default\">\n\t\t\t\t<div class=\"elementor-widget-container\">\n\t\t\t<h4 class=\"elementor-heading-title elementor-size-default\">Roboty budowlane w zakresie budownictwa drogowego obejmuj\u0105ce budow\u0119, przebudow\u0119 oraz remonty dr\u00f3g, ulic i plac\u00f3w. <\/h4>\t\t<\/div>\n\t\t\t\t<\/div>\n\t\t\t\t<div class=\"elementor-element elementor-element-783f6d51 elementor-widget elementor-widget-text-editor\" data-id=\"783f6d51\" data-element_type=\"widget\" data-widget_type=\"text-editor.default\">\n\t\t\t\t<div class=\"elementor-widget-container\">\n\t\t\t\t\t\t\t<p>Do budowy, odnowy i remontu nawierzchni drogowych stosowane s\u0105 w\u0142asne mieszanki mineralno \u2013 asfaltowe na gor\u0105co i ka\u017cdego typu.<\/p>\t\t\t\t\t\t<\/div>\n\t\t\t\t<\/div>\n\t\t\t\t<div class=\"elementor-element elementor-element-cce0f04 elementor-widget elementor-widget-image\" data-id=\"cce0f04\" data-element_type=\"widget\" data-widget_type=\"image.default\">\n\t\t\t\t<div class=\"elementor-widget-container\">\n\t\t\t\t\t\t\t\t\t\t\t\t\t<img fetchpriority=\"high\" decoding=\"async\" width=\"960\" height=\"685\" src=\"https:\/\/pridsa.lukow.pl\/wp-content\/uploads\/2020\/01\/DJI_0012-2-o-1024x731.jpg\" class=\"attachment-large size-large wp-image-111\" alt=\"\" srcset=\"https:\/\/pridsa.lukow.pl\/wp-content\/uploads\/2020\/01\/DJI_0012-2-o-1024x731.jpg 1024w, https:\/\/pridsa.lukow.pl\/wp-content\/uploads\/2020\/01\/DJI_0012-2-o-300x214.jpg 300w, https:\/\/pridsa.lukow.pl\/wp-content\/uploads\/2020\/01\/DJI_0012-2-o-768x548.jpg 768w, https:\/\/pridsa.lukow.pl\/wp-content\/uploads\/2020\/01\/DJI_0012-2-o-e1579183637976.jpg 641w\" sizes=\"(max-width: 960px) 100vw, 960px\" \/>\t\t\t\t\t\t\t\t\t\t\t\t\t<\/div>\n\t\t\t\t<\/div>\n\t\t\t\t\t<\/div>\n\t\t<\/div>\n\t\t\t\t\t<\/div>\n\t\t<\/section>\n\t\t\t\t<section class=\"elementor-section elementor-top-section elementor-element elementor-element-4555a76 elementor-section-boxed elementor-section-height-default elementor-section-height-default\" data-id=\"4555a76\" data-element_type=\"section\">\n\t\t\t\t\t\t<div class=\"elementor-container elementor-column-gap-default\">\n\t\t\t\t\t<div class=\"elementor-column elementor-col-100 elementor-top-column elementor-element elementor-element-25638ae\" data-id=\"25638ae\" data-element_type=\"column\">\n\t\t\t<div class=\"elementor-widget-wrap\">\n\t\t\t\t\t\t\t<\/div>\n\t\t<\/div>\n\t\t\t\t\t<\/div>\n\t\t<\/section>\n\t\t\t\t<\/div>\n\t\t","protected":false},"excerpt":{"rendered":"<p>Roboty budowlane w zakresie budownictwa drogowego obejmuj\u0105ce budow\u0119, przebudow\u0119 oraz remonty dr\u00f3g, ulic i plac\u00f3w. Do budowy, odnowy i remontu nawierzchni drogowych stosowane s\u0105 w\u0142asne mieszanki mineralno \u2013 asfaltowe na gor\u0105co i ka\u017cdego typu.<\/p>\n","protected":false},"author":1,"featured_media":0,"parent":0,"menu_order":0,"comment_status":"closed","ping_status":"closed","template":"elementor_header_footer","meta":{"footnotes":""},"_links":{"self":[{"href":"https:\/\/pridsa.lukow.pl\/index.php\/wp-json\/wp\/v2\/pages\/9"}],"collection":[{"href":"https:\/\/pridsa.lukow.pl\/index.php\/wp-json\/wp\/v2\/pages"}],"about":[{"href":"https:\/\/pridsa.lukow.pl\/index.php\/wp-json\/wp\/v2\/types\/page"}],"author":[{"embeddable":true,"href":"https:\/\/pridsa.lukow.pl\/index.php\/wp-json\/wp\/v2\/users\/1"}],"replies":[{"embeddable":true,"href":"https:\/\/pridsa.lukow.pl\/index.php\/wp-json\/wp\/v2\/comments?post=9"}],"version-history":[{"count":38,"href":"https:\/\/pridsa.lukow.pl\/index.php\/wp-json\/wp\/v2\/pages\/9\/revisions"}],"predecessor-version":[{"id":460,"href":"https:\/\/pridsa.lukow.pl\/index.php\/wp-json\/wp\/v2\/pages\/9\/revisions\/460"}],"wp:attachment":[{"href":"https:\/\/pridsa.lukow.pl\/index.php\/wp-json\/wp\/v2\/media?parent=9"}],"curies":[{"name":"wp","href":"https:\/\/api.w.org\/{rel}","templated":true}]}}